{"id":1408,"date":"2016-01-19T14:03:09","date_gmt":"2016-01-19T16:03:09","guid":{"rendered":"http:\/\/anpsthemes.com\/construction\/?page_id=1408"},"modified":"2021-05-26T10:51:53","modified_gmt":"2021-05-26T13:51:53","slug":"empresa","status":"publish","type":"page","link":"https:\/\/waaconsultoria.com.br\/home\/empresa\/","title":{"rendered":"Empresa"},"content":{"rendered":"<p>[vc_row css=&#8221;.vc_custom_1460122496361{margin-bottom: 30px !important;}&#8221;][vc_column width=&#8221;1\/2&#8243;][vc_custom_heading text=&#8221;SOBRE N\u00d3S&#8221; use_theme_fonts=&#8221;yes&#8221; el_class=&#8221;title&#8221;][vc_empty_space height=&#8221;10px&#8221;][vc_column_text]Fundada em 2005, a <b>WAA Consultoria<\/b> \u00e9 especialista em gest\u00e3o empresarial, atuando desde o diagn\u00f3stico, at\u00e9 a preven\u00e7\u00e3o e solu\u00e7\u00e3o dos eventuais problemas existentes na sa\u00fade de sua organiza\u00e7\u00e3o, para maximizar os resultados.<\/p>\n<p>Contamos com uma equipe que possui mais de 30 anos de experi\u00eancia no mercado, um time altamente capacitado e experimentado em implementar solu\u00e7\u00f5es, que auxiliam nossos clientes a garantirem sua longevidade de forma consistente.<\/p>\n<p>Temos atua\u00e7\u00f5es destacadas tanto no Brasil como no exterior, com projetos realizados em empresas da iniciativa privada e terceiro setor, em diversos segmentos e portes.<\/p>\n<p>Tamb\u00e9m realizamos palestras, treinamentos e projetos de forma\u00e7\u00e3o de equipes, por meio de t\u00e9cnicas que direcionam o potencial de cada indiv\u00edduo para os resultados. Tudo isso fundamentado em conte\u00fados cient\u00edficos e viv\u00eancias no ambiente de gest\u00e3o de pessoas, empresas e neg\u00f3cios.[\/vc_column_text][\/vc_column][vc_column width=&#8221;1\/2&#8243;][vc_empty_space height=&#8221;100px&#8221;][vc_single_image image=&#8221;2356&#8243; img_size=&#8221;full&#8221; style=&#8221;vc_box_shadow_3d&#8221;][\/vc_column][\/vc_row][vc_row css=&#8221;.vc_custom_1460122496361{margin-bottom: 30px !important;}&#8221;][vc_column][vc_custom_heading text=&#8221;NEG\u00d3CIO&#8221; use_theme_fonts=&#8221;yes&#8221; el_class=&#8221;title&#8221;][vc_column_text]Servi\u00e7os de consultoria em gest\u00e3o e treinamento para pequenas, m\u00e9dias e grandes empresas.[\/vc_column_text][\/vc_column][\/vc_row][vc_row css=&#8221;.vc_custom_1460122496361{margin-bottom: 30px !important;}&#8221;][vc_column width=&#8221;1\/3&#8243;][vc_custom_heading text=&#8221;MISS\u00c3O&#8221; use_theme_fonts=&#8221;yes&#8221; el_class=&#8221;title&#8221;][vc_column_text]Ajudar as pessoas e as empresas a realizarem seus prop\u00f3sitos, atrav\u00e9s de uma gest\u00e3o mais eficaz.[\/vc_column_text][\/vc_column][vc_column width=&#8221;1\/3&#8243;][vc_custom_heading text=&#8221;VIS\u00c3O&#8221; use_theme_fonts=&#8221;yes&#8221; el_class=&#8221;title&#8221;][vc_column_text]Ser o parceiro estrat\u00e9gico dos nossos clientes, com reconhecida excel\u00eancia nos servi\u00e7os prestados.<br \/>\nDeixar legados de gest\u00e3o e de lideran\u00e7a.[\/vc_column_text][\/vc_column][vc_column width=&#8221;1\/3&#8243;][vc_custom_heading text=&#8221;CREN\u00c7AS E VALORES&#8221; use_theme_fonts=&#8221;yes&#8221; el_class=&#8221;title&#8221;][vc_column_text]- Ajudar quem quer ser ajudado;<br \/>\n&#8211; Agir com \u00e9tica, verdade, simplicidade e discri\u00e7\u00e3o;<br \/>\n&#8211; Ter o foco do cliente: antecipar problemas e solu\u00e7\u00f5es;<br \/>\n&#8211; Ter compromisso com o que for combinado;<br \/>\n&#8211; Assumir responsabilidades e prezar pela excel\u00eancia;<br \/>\n&#8211; Ter senso de urg\u00eancia;<br \/>\n&#8211; Ter atitude positiva frente aos desafios;<br \/>\n&#8211; Fazer as coisas acontecerem;<br \/>\n&#8211; Buscar e compartilhar o conhecimento;<br \/>\n&#8211; Valorizar o coletivo acima do individual.[\/vc_column_text][\/vc_column][\/vc_row][vc_row css=&#8221;.vc_custom_1453212299071{margin-bottom: 20px !important;}&#8221;][vc_column][vc_custom_heading text=&#8221;S\u00d3CIOS&#8221; use_theme_fonts=&#8221;yes&#8221; el_class=&#8221;title&#8221;][\/vc_column][\/vc_row][vc_row css=&#8221;.vc_custom_1453297105826{margin-bottom: 45px !important;}&#8221;][vc_column width=&#8221;1\/2&#8243;][vc_column_text]<\/p>\n<h3>Washington Curi Arb<\/h3>\n<p>Graduado em Ci\u00eancias Econ\u00f4micas pela Faculdade de Economia S\u00e3o Luis;<br \/>\nMBA em Finan\u00e7as Corporativas pela Funda\u00e7\u00e3o Get\u00falio Vargas;<br \/>\nImers\u00e3o \u201con the job\u201d no Canad\u00e1 e EUA na Alcan Aluminium Limited;<br \/>\nGEP \u2013 Gest\u00e3o Estrat\u00e9gica de Pessoas: FDC\/ INSEAD \u2013 Fran\u00e7a.<br \/>\nAtuou como CFO de empresas nos segmentos de Metalurgia, Alimenta\u00e7\u00e3o e Distribui\u00e7\u00e3o de suprimentos e materiais de inform\u00e1tica. Foi CEO de empresa no segmento de Metalurgia.[\/vc_column_text][\/vc_column][vc_column width=&#8221;1\/2&#8243;][vc_column_text]<\/p>\n<h3>Alexandre Curi Arb<\/h3>\n<p>Graduado em Engenharia Civil pela Escola Polit\u00e9cnica da USP;<br \/>\nCertificado em Psicodin\u00e2mica aplicada em neg\u00f3cios;<br \/>\nPor 10 anos atuou na Falconi, no Brasil e no exterior, sendo s\u00f3cio por 5 anos.<br \/>\nMembro do Comit\u00ea de Jovens Empreendedores (CJE) da FIESP.[\/vc_column_text][\/vc_column][\/vc_row]<\/p>\n","protected":false},"excerpt":{"rendered":"<p>[vc_row css=&#8221;.vc_custom_1460122496361{margin-bottom: 30px !important;}&#8221;][vc_column width=&#8221;1\/2&#8243;][vc_custom_heading text=&#8221;SOBRE N\u00d3S&#8221; use_theme_fonts=&#8221;yes&#8221; el_class=&#8221;title&#8221;][vc_empty_space height=&#8221;10px&#8221;][vc_column_text]Fundada em 2005, a WAA Consultoria \u00e9 especialista em gest\u00e3o empresarial, atuando desde o diagn\u00f3stico, at\u00e9 a preven\u00e7\u00e3o e solu\u00e7\u00e3o dos eventuais problemas existentes na sa\u00fade de sua organiza\u00e7\u00e3o, para maximizar &hellip;<\/p>\n","protected":false},"author":1,"featured_media":0,"parent":0,"menu_order":0,"comment_status":"closed","ping_status":"open","template":"","meta":[],"_links":{"self":[{"href":"https:\/\/waaconsultoria.com.br\/home\/wp-json\/wp\/v2\/pages\/1408"}],"collection":[{"href":"https:\/\/waaconsultoria.com.br\/home\/wp-json\/wp\/v2\/pages"}],"about":[{"href":"https:\/\/waaconsultoria.com.br\/home\/wp-json\/wp\/v2\/types\/page"}],"author":[{"embeddable":true,"href":"https:\/\/waaconsultoria.com.br\/home\/wp-json\/wp\/v2\/users\/1"}],"replies":[{"embeddable":true,"href":"https:\/\/waaconsultoria.com.br\/home\/wp-json\/wp\/v2\/comments?post=1408"}],"version-history":[{"count":28,"href":"https:\/\/waaconsultoria.com.br\/home\/wp-json\/wp\/v2\/pages\/1408\/revisions"}],"predecessor-version":[{"id":2755,"href":"https:\/\/waaconsultoria.com.br\/home\/wp-json\/wp\/v2\/pages\/1408\/revisions\/2755"}],"wp:attachment":[{"href":"https:\/\/waaconsultoria.com.br\/home\/wp-json\/wp\/v2\/media?parent=1408"}],"curies":[{"name":"wp","href":"https:\/\/api.w.org\/{rel}","templated":true}]}}