{"id":1450,"date":"2016-01-20T08:20:38","date_gmt":"2016-01-20T10:20:38","guid":{"rendered":"http:\/\/anpsthemes.com\/construction\/?page_id=1450"},"modified":"2021-01-20T13:09:03","modified_gmt":"2021-01-20T16:09:03","slug":"avaliacaodeempresa","status":"publish","type":"page","link":"https:\/\/waaconsultoria.com.br\/home\/solucoes\/avaliacaodeempresa\/","title":{"rendered":"Avalia\u00e7\u00e3o da Empresa"},"content":{"rendered":"<p>[vc_row][vc_column width=&#8221;1\/2&#8243;][vc_custom_heading text=&#8221;AVALIA\u00c7\u00c3O DA EMPRESA&#8221; use_theme_fonts=&#8221;yes&#8221; el_class=&#8221;title&#8221;][vc_column_text]<\/p>\n<ol>\n<li>Business Plan;<\/li>\n<li>Valuation;<\/li>\n<li>Diagn\u00f3stico de Desempenho do Neg\u00f3cio.<\/li>\n<\/ol>\n<p>[\/vc_column_text][\/vc_column][vc_column width=&#8221;1\/2&#8243;][vc_single_image image=&#8221;2405&#8243; img_size=&#8221;590&#215;394&#8243; style=&#8221;vc_box_shadow_border&#8221;][\/vc_column][\/vc_row][vc_row][vc_column][vc_tta_accordion style=&#8221;anps-style-1&#8243; shape=&#8221;square&#8221; active_section=&#8221;1&#8243;][vc_tta_section title=&#8221;Business Plan (Plano de Neg\u00f3cio)&#8221; tab_id=&#8221;1453278520348-82ca7492-26b7&#8243;][vc_column_text css=&#8221;.vc_custom_1611158877089{margin-bottom: 0px !important;}&#8221;]<b>O QUE \u00c9?<\/b><br \/>\nO plano de neg\u00f3cio \u00e9 o instrumento ideal para tra\u00e7ar um retrato fiel do mercado, do produto\/ servi\u00e7o e das atitudes do empreendedor, o que propicia seguran\u00e7a para quem quer iniciar uma empresa, com maiores condi\u00e7\u00f5es de \u00eaxito ou mesmo ampliar ou promover inova\u00e7\u00f5es em seu neg\u00f3cio.<\/p>\n<p>\u00c9 um documento que descreve por escrito, os objetivos de um neg\u00f3cio e quais passos devem ser dados para que esses objetivos sejam alcan\u00e7ados, diminuindo os riscos e as incertezas.<\/p>\n<p>&nbsp;<\/p>\n<p><b>PARA QUE SERVE?<\/b><br \/>\nServe para identificar e restringir os erros no papel, ao inv\u00e9s de comet\u00ea-los no mercado.<\/p>\n<p>O plano ajuda a concluir se a ideia \u00e9 vi\u00e1vel e a buscar informa\u00e7\u00f5es mais detalhadas sobre o mercado, os produtos e servi\u00e7os que ir\u00e1 oferecer, os clientes, concorrentes, fornecedores e, principalmente, sobre os pontos fortes e fracos do neg\u00f3cio.<\/p>\n<p>Ao final, o plano ir\u00e1 ajudar a responder a seguinte pergunta: \u201cVale a pena abrir, manter ou ampliar o neg\u00f3cio?\u201d.<\/p>\n<p><b>RESULTADOS QUANTITATIVOS:<\/b><br \/>\n&#8211; Custos desnecess\u00e1rios evitados.<\/p>\n<p><b>RESULTADOS QUALITATIVOS:<\/b><br \/>\n&#8211; Plano para a tomada de decis\u00e3o sobre o neg\u00f3cio.[\/vc_column_text][\/vc_tta_section][vc_tta_section title=&#8221;Valuation&#8221; tab_id=&#8221;1453278704996-2e48d0ff-944d&#8221;][vc_column_text css=&#8221;.vc_custom_1611158892086{margin-bottom: 0px !important;}&#8221;]<b>O QUE \u00c9?<\/b><br \/>\n\u00c9 um processo estruturado para estimar o valor de uma empresa de forma sistematizada, usando um modelo quantitativo.<\/p>\n<p><b>PARA QUE SERVE?<\/b><br \/>\nServe para calcular o valor da empresa com maior confian\u00e7a no n\u00famero. Compreender o valor real da empresa permite que sejam explorados os aspectos que a valorizam e os que a fazem valer menos. Assim, ser\u00e1 poss\u00edvel mitigar essas defici\u00eancias ao longo do tempo. Tamb\u00e9m auxilia no processo de negocia\u00e7\u00e3o da participa\u00e7\u00e3o societ\u00e1ria do investidor de forma mais justa.<\/p>\n<p><b>RESULTADOS QUANTITATIVOS:<\/b><br \/>\n&#8211; Valor justo do neg\u00f3cio identificado;<br \/>\n&#8211; Endividamento e custo de capital calculados;<br \/>\n&#8211; Ativos intang\u00edveis estimados.<\/p>\n<p><b>RESULTADOS QUALITATIVOS:<\/b><br \/>\n&#8211; Vis\u00e3o global da empresa detalhada;<br \/>\n&#8211; Mercado analisado;<br \/>\n&#8211; Cen\u00e1rios econ\u00f4mico-financeiros projetados.[\/vc_column_text][\/vc_tta_section][vc_tta_section title=&#8221;Diagn\u00f3stico de Desempenho do Neg\u00f3cio&#8221; tab_id=&#8221;1453278708716-3462645a-c915&#8243;][vc_column_text css=&#8221;.vc_custom_1611158907576{margin-bottom: 0px !important;}&#8221;]<b>O QUE \u00c9?<\/b><br \/>\n\u00c9 um processo estruturado para identificar as principais alavancas do neg\u00f3cio e as oportunidades de melhoria (lacunas) dos processos existentes na organiza\u00e7\u00e3o, alinhados \u00e0 necessidade estrat\u00e9gica dos acionistas, com o intuito de aumentar o valor agregado das empresas.<\/p>\n<p>&nbsp;<\/p>\n<p><b>PARA QUE SERVE?<\/b><br \/>\nServe para mostrar \u00e0 empresa as oportunidades latentes em seus processos. Direciona todas as atividades da empresa para metas que realmente representem valor para o neg\u00f3cio. Al\u00e9m disso, tamb\u00e9m permite avaliar o atual est\u00e1gio do sistema de gest\u00e3o das empresas.<\/p>\n<p><b>RESULTADOS QUANTITATIVOS:<\/b><br \/>\n&#8211; Oportunidades financeiras identificadas;<br \/>\n&#8211; Lacunas de ganho para os principais indicadores do neg\u00f3cio;<br \/>\n&#8211; Pontos fortes e oportunidades de melhoria do sistema de gest\u00e3o da empresa.<\/p>\n<p><b>RESULTADOS QUALITATIVOS:<\/b><br \/>\n&#8211; Identifica\u00e7\u00e3o dos focos de gerenciamento;<br \/>\n&#8211; Desafio aos conceitos pr\u00e9-estabelecidos na empresa (quebra de paradigmas);<br \/>\n&#8211; Maior conhecimento do desempenho econ\u00f4mico, financeiro e operacional da empresa.[\/vc_column_text][\/vc_tta_section][\/vc_tta_accordion][\/vc_column][\/vc_row]<\/p>\n","protected":false},"excerpt":{"rendered":"<p>[vc_row][vc_column width=&#8221;1\/2&#8243;][vc_custom_heading text=&#8221;AVALIA\u00c7\u00c3O DA EMPRESA&#8221; use_theme_fonts=&#8221;yes&#8221; el_class=&#8221;title&#8221;][vc_column_text] Business Plan; Valuation; Diagn\u00f3stico de Desempenho do Neg\u00f3cio. [\/vc_column_text][\/vc_column][vc_column width=&#8221;1\/2&#8243;][vc_single_image image=&#8221;2405&#8243; img_size=&#8221;590&#215;394&#8243; style=&#8221;vc_box_shadow_border&#8221;][\/vc_column][\/vc_row][vc_row][vc_column][vc_tta_accordion style=&#8221;anps-style-1&#8243; shape=&#8221;square&#8221; active_section=&#8221;1&#8243;][vc_tta_section title=&#8221;Business Plan (Plano de Neg\u00f3cio)&#8221; tab_id=&#8221;1453278520348-82ca7492-26b7&#8243;][vc_column_text css=&#8221;.vc_custom_1611158877089{margin-bottom: 0px !important;}&#8221;]O QUE \u00c9? O plano de neg\u00f3cio \u00e9 o &hellip;<\/p>\n","protected":false},"author":1,"featured_media":0,"parent":2365,"menu_order":1,"comment_status":"closed","ping_status":"closed","template":"","meta":[],"_links":{"self":[{"href":"https:\/\/waaconsultoria.com.br\/home\/wp-json\/wp\/v2\/pages\/1450"}],"collection":[{"href":"https:\/\/waaconsultoria.com.br\/home\/wp-json\/wp\/v2\/pages"}],"about":[{"href":"https:\/\/waaconsultoria.com.br\/home\/wp-json\/wp\/v2\/types\/page"}],"author":[{"embeddable":true,"href":"https:\/\/waaconsultoria.com.br\/home\/wp-json\/wp\/v2\/users\/1"}],"replies":[{"embeddable":true,"href":"https:\/\/waaconsultoria.com.br\/home\/wp-json\/wp\/v2\/comments?post=1450"}],"version-history":[{"count":12,"href":"https:\/\/waaconsultoria.com.br\/home\/wp-json\/wp\/v2\/pages\/1450\/revisions"}],"predecessor-version":[{"id":2625,"href":"https:\/\/waaconsultoria.com.br\/home\/wp-json\/wp\/v2\/pages\/1450\/revisions\/2625"}],"up":[{"embeddable":true,"href":"https:\/\/waaconsultoria.com.br\/home\/wp-json\/wp\/v2\/pages\/2365"}],"wp:attachment":[{"href":"https:\/\/waaconsultoria.com.br\/home\/wp-json\/wp\/v2\/media?parent=1450"}],"curies":[{"name":"wp","href":"https:\/\/api.w.org\/{rel}","templated":true}]}}