{"id":1512,"date":"2016-01-20T09:06:47","date_gmt":"2016-01-20T11:06:47","guid":{"rendered":"http:\/\/anpsthemes.com\/construction\/?page_id=1512"},"modified":"2021-01-20T15:15:05","modified_gmt":"2021-01-20T18:15:05","slug":"pessoas-2","status":"publish","type":"page","link":"https:\/\/waaconsultoria.com.br\/home\/solucoes\/pessoas-2\/","title":{"rendered":"Pessoas"},"content":{"rendered":"<p>[vc_row][vc_column width=&#8221;1\/2&#8243;][vc_custom_heading text=&#8221;PESSOAS&#8221; use_theme_fonts=&#8221;yes&#8221; el_class=&#8221;title&#8221;][vc_column_text]<\/p>\n<ol>\n<li>Palestras e Treinamentos sobre Lideran\u00e7a, Tipos Psicol\u00f3gicos (MBTI), Gest\u00e3o, Vendas, Finan\u00e7as, Processos, PDCA, Normas ISO e 5S;<\/li>\n<li>Programa de Forma\u00e7\u00e3o em Gest\u00e3o de Alta Performance (GAP);<\/li>\n<li>Programa de Orienta\u00e7\u00e3o T\u00e9cnica Consultiva (OTC), direcionado aos resultados;<\/li>\n<li>Programa de implanta\u00e7\u00e3o do 5S;<\/li>\n<li>Programa de forma\u00e7\u00e3o de times de PDCA\/ Kaizen<\/li>\n<\/ol>\n<p>[\/vc_column_text][\/vc_column][vc_column width=&#8221;1\/2&#8243;][vc_single_image image=&#8221;2468&#8243; img_size=&#8221;590&#215;394&#8243;][\/vc_column][\/vc_row][vc_row][vc_column][vc_tta_accordion style=&#8221;anps-style-1&#8243; shape=&#8221;square&#8221; active_section=&#8221;1&#8243;][vc_tta_section title=&#8221;Programa de Implanta\u00e7\u00e3o do 5 S&#8221; tab_id=&#8221;1453278520348-82ca7492-26b7&#8243;][vc_column_text css=&#8221;.vc_custom_1611166250030{margin-bottom: 0px !important;}&#8221;]<b>O QUE \u00c9?<\/b><br \/>\n\u00c9 um processo estruturado visando mobilizar a organiza\u00e7\u00e3o, para o uso respons\u00e1vel dos recursos nos aspectos f\u00edsicos, comportamentais e de cumprimento dos padr\u00f5es definidos.<\/p>\n<p><b>PARA QUE SERVE?<\/b><br \/>\nServe para desenvolver uma cultura em que os colaboradores tenham disciplina para praticar os sensos de utiliza\u00e7\u00e3o, organiza\u00e7\u00e3o, limpeza, sa\u00fade e auto disciplina. Para cada senso, h\u00e1 um conjunto de atividades que s\u00e3o repetidas e auditadas at\u00e9 se tornarem h\u00e1bitos.<\/p>\n<p><b>RESULTADOS QUANTITATIVOS:<\/b><br \/>\n&#8211; Melhoria da qualidade e da produtividade;<br \/>\n&#8211; Redu\u00e7\u00e3o de perdas nos processos e de desperd\u00edcios em geral;<br \/>\n&#8211; Redu\u00e7\u00e3o do tempo de atendimento;<br \/>\n&#8211; Aumento da efici\u00eancia de equipamentos;<br \/>\n&#8211; Redu\u00e7\u00e3o de manuten\u00e7\u00e3o corretiva, paradas n\u00e3o programadas e outras perdas;<br \/>\n&#8211; Ganhos de espa\u00e7o nas instala\u00e7\u00f5es e nos computadores;<br \/>\n&#8211; Elimina\u00e7\u00e3o de dados, relat\u00f3rios e demais itens desnecess\u00e1rios.<\/p>\n<p><b>RESULTADOS QUALITATIVOS:<\/b><br \/>\n&#8211; Melhoria na utiliza\u00e7\u00e3o e controle dos recursos da organiza\u00e7\u00e3o;<br \/>\n&#8211; Melhoria das condi\u00e7\u00f5es de seguran\u00e7a, meio ambiente e ergonomia;<br \/>\n&#8211; Melhoria da imagem da organiza\u00e7\u00e3o;<br \/>\n&#8211; Cria\u00e7\u00e3o de ambientes mais agrad\u00e1veis para se trabalhar;<br \/>\n&#8211; Foco nas atividades de maior valor agregado;<br \/>\n&#8211; Preven\u00e7\u00e3o de doen\u00e7as profissionais e mentais.[\/vc_column_text][\/vc_tta_section][vc_tta_section title=&#8221;Programa de Forma\u00e7\u00e3o de Times de PDCA \/ Kaizen&#8221; tab_id=&#8221;1453278704996-2e48d0ff-944d&#8221;][vc_column_text css=&#8221;.vc_custom_1611166333074{margin-bottom: 0px !important;}&#8221;]<b>O QUE \u00c9?<\/b><br \/>\n\u00c9 um processo estruturado para desenvolver pessoas e melhorar resultados atrav\u00e9s de um m\u00e9todo de an\u00e1lise e solu\u00e7\u00e3o de problemas.<\/p>\n<p><b>PARA QUE SERVE?<\/b><br \/>\nServe para diminuir os problemas da organiza\u00e7\u00e3o, no \u00e2mbito da autonomia da fun\u00e7\u00e3o operacional e construir gradativamente um ambiente cooperativo em que todos sejam respons\u00e1veis pelos melhores resultados.<\/p>\n<p><b>RESULTADOS QUANTITATIVOS:<\/b><br \/>\n&#8211; Redu\u00e7\u00e3o de perdas nos processos e de desperd\u00edcios em geral;<br \/>\n&#8211; Melhoria da produtividade;<br \/>\n&#8211; Aumento da confiabilidade.<\/p>\n<p><b>RESULTADOS QUALITATIVOS:<\/b><br \/>\n&#8211; Clima organizacional positivo em fun\u00e7\u00e3o da alta motiva\u00e7\u00e3o dos colaboradores em participar da gest\u00e3o;<br \/>\n&#8211; Melhoria do relacionamento entre gestores e operadores;<br \/>\n&#8211; Amplia\u00e7\u00e3o do conhecimento sobre o neg\u00f3cio e consci\u00eancia do n\u00edvel de impacto das melhorias sobre os resultados da organiza\u00e7\u00e3o;<br \/>\n&#8211; Aumento da capacita\u00e7\u00e3o dos colaboradores pelo exerc\u00edcio cont\u00ednuo do m\u00e9todo para melhorar resultados;<br \/>\n&#8211; Melhor utiliza\u00e7\u00e3o dos recursos da organiza\u00e7\u00e3o;<br \/>\n&#8211; Aumento da empregabilidade dos participantes;<br \/>\n&#8211; Melhoria dos \u00edndices de seguran\u00e7a e ergonomia;<br \/>\n&#8211; Exerc\u00edcio permanente da criatividade;<br \/>\n&#8211; Aplica\u00e7\u00e3o do m\u00e9todo PDCA desde a elabora\u00e7\u00e3o dos planos at\u00e9 o tratamento das anomalias.[\/vc_column_text][\/vc_tta_section][\/vc_tta_accordion][\/vc_column][\/vc_row]<\/p>\n","protected":false},"excerpt":{"rendered":"<p>[vc_row][vc_column width=&#8221;1\/2&#8243;][vc_custom_heading text=&#8221;PESSOAS&#8221; use_theme_fonts=&#8221;yes&#8221; el_class=&#8221;title&#8221;][vc_column_text] Palestras e Treinamentos sobre Lideran\u00e7a, Tipos Psicol\u00f3gicos (MBTI), Gest\u00e3o, Vendas, Finan\u00e7as, Processos, PDCA, Normas ISO e 5S; Programa de Forma\u00e7\u00e3o em Gest\u00e3o de Alta Performance (GAP); Programa de Orienta\u00e7\u00e3o T\u00e9cnica Consultiva (OTC), direcionado aos resultados; &hellip;<\/p>\n","protected":false},"author":1,"featured_media":0,"parent":2365,"menu_order":3,"comment_status":"closed","ping_status":"closed","template":"","meta":[],"_links":{"self":[{"href":"https:\/\/waaconsultoria.com.br\/home\/wp-json\/wp\/v2\/pages\/1512"}],"collection":[{"href":"https:\/\/waaconsultoria.com.br\/home\/wp-json\/wp\/v2\/pages"}],"about":[{"href":"https:\/\/waaconsultoria.com.br\/home\/wp-json\/wp\/v2\/types\/page"}],"author":[{"embeddable":true,"href":"https:\/\/waaconsultoria.com.br\/home\/wp-json\/wp\/v2\/users\/1"}],"replies":[{"embeddable":true,"href":"https:\/\/waaconsultoria.com.br\/home\/wp-json\/wp\/v2\/comments?post=1512"}],"version-history":[{"count":7,"href":"https:\/\/waaconsultoria.com.br\/home\/wp-json\/wp\/v2\/pages\/1512\/revisions"}],"predecessor-version":[{"id":2634,"href":"https:\/\/waaconsultoria.com.br\/home\/wp-json\/wp\/v2\/pages\/1512\/revisions\/2634"}],"up":[{"embeddable":true,"href":"https:\/\/waaconsultoria.com.br\/home\/wp-json\/wp\/v2\/pages\/2365"}],"wp:attachment":[{"href":"https:\/\/waaconsultoria.com.br\/home\/wp-json\/wp\/v2\/media?parent=1512"}],"curies":[{"name":"wp","href":"https:\/\/api.w.org\/{rel}","templated":true}]}}