{"id":1514,"date":"2016-01-20T09:07:13","date_gmt":"2016-01-20T11:07:13","guid":{"rendered":"http:\/\/anpsthemes.com\/construction\/?page_id=1514"},"modified":"2021-01-20T15:26:50","modified_gmt":"2021-01-20T18:26:50","slug":"bpo","status":"publish","type":"page","link":"https:\/\/waaconsultoria.com.br\/home\/solucoes\/bpo\/","title":{"rendered":"BPO &#038; Interim Management"},"content":{"rendered":"<p>[vc_row][vc_column width=&#8221;1\/2&#8243;][vc_custom_heading text=&#8221;BPO &amp; Interim Management nas \u00c1reas de:&#8221; use_theme_fonts=&#8221;yes&#8221; el_class=&#8221;title&#8221;][vc_column_text]<\/p>\n<ol>\n<li>Finan\u00e7as e Controladoria;<\/li>\n<li>Opera\u00e7\u00f5es\/ Industrial;<\/li>\n<li>Garantia da Qualidade;<\/li>\n<li>Gerenciamento de Projetos (PMO).<\/li>\n<\/ol>\n<p>[\/vc_column_text][\/vc_column][vc_column width=&#8221;1\/2&#8243;][vc_single_image image=&#8221;2408&#8243; img_size=&#8221;590&#215;394&#8243;][\/vc_column][\/vc_row][vc_row][vc_column][vc_tta_accordion style=&#8221;anps-style-1&#8243; shape=&#8221;square&#8221; active_section=&#8221;1&#8243;][vc_tta_section title=&#8221;BPO (Business Process Outsourcing)&#8221; tab_id=&#8221;1453278719253-0a2170b7-7b6b&#8221;][vc_column_text css=&#8221;.vc_custom_1611167105734{margin-bottom: 0px !important;}&#8221;]<b>O QUE \u00c9?<\/b><br \/>\nConsiste na terceiriza\u00e7\u00e3o de uma determinada fun\u00e7\u00e3o da empresa. A atividade \u00e9 realizada por um especialista, aumentando a produtividade da empresa, trabalhando com as boas pr\u00e1ticas do mercado e, principalmente, reduzindo os custos: as despesas fixas se transformar\u00e3o em despesas vari\u00e1veis.<\/p>\n<p><b>PARA QUE SERVE?<\/b><br \/>\nServe para que a empresa possa dedicar-se \u00e0 gera\u00e7\u00e3o de valor para o seu neg\u00f3cio .<\/p>\n<p><b>RESULTADOS QUANTITATIVOS:<\/b><br \/>\n&#8211; Redu\u00e7\u00e3o de custos;<br \/>\n&#8211; Melhores resultados (KPI\u2019s da \u00e1rea).<\/p>\n<p><b>RESULTADOS QUALITATIVOS:<\/b><br \/>\n&#8211; Maior assertividade no planejamento, com previsibilidade para a gest\u00e3o da empresa;<br \/>\n&#8211; Aumento da produtividade das pessoas;<br \/>\n&#8211; Aumento da efici\u00eancia dos processos.[\/vc_column_text][\/vc_tta_section][vc_tta_section title=&#8221;Gest\u00e3o Interina (Interim Management)&#8221; tab_id=&#8221;1453278718305-b6d352bb-e0a6&#8243;][vc_column_text css=&#8221;.vc_custom_1611167202673{margin-bottom: 0px !important;}&#8221;]<b>O QUE \u00c9?<\/b><br \/>\n\u00c9 um modelo de presta\u00e7\u00e3o de servi\u00e7os, em que o gestor interino assume a gest\u00e3o tempor\u00e1ria de uma ou mais \u00e1reas da empresa.<\/p>\n<p>Esse trabalho \u00e9 realizado por um per\u00edodo definido, at\u00e9 que os objetivos corporativos sejam cumpridos ou que seja assegurada a estabilidade da organiza\u00e7\u00e3o.<\/p>\n<p>Com experi\u00eancia e conhecimento t\u00e9cnico comprovados, o gestor interino n\u00e3o precisa de treinamento da empresa. Pelo fato de ser um profissional que n\u00e3o possui v\u00ednculos com as gest\u00f5es anteriores e que n\u00e3o deseja fazer carreira na empresa, \u00e9 capaz de observar detalhes importantes do meio organizacional e resolver problemas de forma mais r\u00e1pida e objetiva.<\/p>\n<p><b>PARA QUE SERVE?<\/b><br \/>\nServe para empresas que planejam expandir os neg\u00f3cios, conquistar novos mercados, desenvolver projetos pontuais ou que precisam lidar com situa\u00e7\u00f5es de instabilidade e transi\u00e7\u00e3o.<\/p>\n<p>Um gestor interino pode ser contratado para:<br \/>\n&#8211; Liderar e executar um projeto especial com prazo definido para t\u00e9rmino;<br \/>\n&#8211; Substituir altos executivos que estejam ausentes por motivos de afastamento ou transi\u00e7\u00e3o de carreira;<br \/>\n&#8211; Oferecer conhecimentos t\u00e9cnicos precisos para orientar equipes;<br \/>\n&#8211; Auxiliar no processo de fus\u00f5es e aquisi\u00e7\u00f5es;<br \/>\n&#8211; Promover mudan\u00e7as organizacionais;<br \/>\n&#8211; Oferecer mais agilidade na realiza\u00e7\u00e3o de processos internos e nos neg\u00f3cios.<\/p>\n<p><b>RESULTADOS QUANTITATIVOS:<\/b><br \/>\n&#8211; Redu\u00e7\u00e3o de custos;<br \/>\n&#8211; Melhores resultados (KPI\u2019s da \u00e1rea).<\/p>\n<p><b>RESULTADOS QUALITATIVOS:<\/b><br \/>\n&#8211; Desenvolvimento do foco em resultados para a equipe;<br \/>\n&#8211; Treinamento dos colaboradores da empresa na pr\u00e1tica;<br \/>\n&#8211; Mapeamento de poss\u00edveis sucessores para o cargo dentro da empresa.[\/vc_column_text][\/vc_tta_section][\/vc_tta_accordion][\/vc_column][\/vc_row]<\/p>\n","protected":false},"excerpt":{"rendered":"<p>[vc_row][vc_column width=&#8221;1\/2&#8243;][vc_custom_heading text=&#8221;BPO &amp; Interim Management nas \u00c1reas de:&#8221; use_theme_fonts=&#8221;yes&#8221; el_class=&#8221;title&#8221;][vc_column_text] Finan\u00e7as e Controladoria; Opera\u00e7\u00f5es\/ Industrial; Garantia da Qualidade; Gerenciamento de Projetos (PMO). [\/vc_column_text][\/vc_column][vc_column width=&#8221;1\/2&#8243;][vc_single_image image=&#8221;2408&#8243; img_size=&#8221;590&#215;394&#8243;][\/vc_column][\/vc_row][vc_row][vc_column][vc_tta_accordion style=&#8221;anps-style-1&#8243; shape=&#8221;square&#8221; active_section=&#8221;1&#8243;][vc_tta_section title=&#8221;BPO (Business Process Outsourcing)&#8221; tab_id=&#8221;1453278719253-0a2170b7-7b6b&#8221;][vc_column_text css=&#8221;.vc_custom_1611167105734{margin-bottom: 0px !important;}&#8221;]O QUE \u00c9? &hellip;<\/p>\n","protected":false},"author":1,"featured_media":0,"parent":2365,"menu_order":4,"comment_status":"closed","ping_status":"closed","template":"","meta":[],"_links":{"self":[{"href":"https:\/\/waaconsultoria.com.br\/home\/wp-json\/wp\/v2\/pages\/1514"}],"collection":[{"href":"https:\/\/waaconsultoria.com.br\/home\/wp-json\/wp\/v2\/pages"}],"about":[{"href":"https:\/\/waaconsultoria.com.br\/home\/wp-json\/wp\/v2\/types\/page"}],"author":[{"embeddable":true,"href":"https:\/\/waaconsultoria.com.br\/home\/wp-json\/wp\/v2\/users\/1"}],"replies":[{"embeddable":true,"href":"https:\/\/waaconsultoria.com.br\/home\/wp-json\/wp\/v2\/comments?post=1514"}],"version-history":[{"count":9,"href":"https:\/\/waaconsultoria.com.br\/home\/wp-json\/wp\/v2\/pages\/1514\/revisions"}],"predecessor-version":[{"id":2636,"href":"https:\/\/waaconsultoria.com.br\/home\/wp-json\/wp\/v2\/pages\/1514\/revisions\/2636"}],"up":[{"embeddable":true,"href":"https:\/\/waaconsultoria.com.br\/home\/wp-json\/wp\/v2\/pages\/2365"}],"wp:attachment":[{"href":"https:\/\/waaconsultoria.com.br\/home\/wp-json\/wp\/v2\/media?parent=1514"}],"curies":[{"name":"wp","href":"https:\/\/api.w.org\/{rel}","templated":true}]}}