{"id":1522,"date":"2016-01-20T09:15:00","date_gmt":"2016-01-20T11:15:00","guid":{"rendered":"http:\/\/anpsthemes.com\/construction\/?page_id=1522"},"modified":"2021-01-20T15:21:29","modified_gmt":"2021-01-20T18:21:29","slug":"reestruturacao-2","status":"publish","type":"page","link":"https:\/\/waaconsultoria.com.br\/home\/solucoes\/reestruturacao-2\/","title":{"rendered":"Reestrutura\u00e7\u00e3o"},"content":{"rendered":"<p>[vc_row][vc_column width=&#8221;1\/2&#8243;][vc_custom_heading text=&#8221;REESTRUTURA\u00c7\u00c3O&#8221; use_theme_fonts=&#8221;yes&#8221; el_class=&#8221;title&#8221;][vc_column_text]<\/p>\n<ol>\n<li>Reestrutura\u00e7\u00e3o Financeira;<\/li>\n<li>Reestrutura\u00e7\u00e3o Organizacional.<\/li>\n<\/ol>\n<p>[\/vc_column_text][\/vc_column][vc_column width=&#8221;1\/2&#8243;][vc_single_image image=&#8221;2404&#8243; img_size=&#8221;590&#215;394&#8243;][\/vc_column][\/vc_row][vc_row][vc_column][vc_tta_accordion style=&#8221;anps-style-1&#8243; shape=&#8221;square&#8221; active_section=&#8221;1&#8243;][vc_tta_section title=&#8221;Reestrutura\u00e7\u00e3o Financeira&#8221; tab_id=&#8221;1453278520348-82ca7492-26b7&#8243;][vc_column_text css=&#8221;.vc_custom_1611166859375{margin-bottom: 0px !important;}&#8221;]<b>O QUE \u00c9?<\/b><br \/>\n\u00c9 um processo estruturado para tratar as causas, com a\u00e7\u00f5es diretamente ligadas \u00e0 crise de caixa e endividamento da empresa, melhorando primeiramente seu curto prazo e seguidamente o longo prazo, focando o caixa e reestrutura\u00e7\u00e3o da d\u00edvida financeira, operacional e tribut\u00e1ria.<\/p>\n<p><b>PARA QUE SERVE?<\/b><br \/>\nServe para resolver os problemas financeiros da empresa, para evitar que a mesma n\u00e3o entre em Recupera\u00e7\u00e3o Judicial (RJ) ou Fal\u00eancia. Os problemas normalmente se acumulam sem uma solu\u00e7\u00e3o, porque os gestores est\u00e3o mergulhados nos problemas do dia a dia e preocupados em captar recursos para pagar as contas, n\u00e3o tendo tempo de achar uma solu\u00e7\u00e3o estrat\u00e9gica para reestruturar a empresa. Esses problemas podem ser considerados sinais, que servem de alerta para a necessidade de uma reestrutura\u00e7\u00e3o financeira. Alguns dos mais comuns s\u00e3o:<br \/>\n&#8211; Vendas caindo ou n\u00e3o s\u00e3o suficientes para pagar os custos fixos;<br \/>\n&#8211; Nunca sobra dinheiro em caixa;<br \/>\n&#8211; Falta de dinheiro com frequ\u00eancia para pagamento de sal\u00e1rios;<br \/>\n&#8211; Atraso frequente no pagamento de fornecedores;<br \/>\n&#8211; N\u00e3o h\u00e1 um controle apurado dos resultados financeiros;<br \/>\n&#8211; Ciclo financeiro inadequado;<br \/>\n&#8211; Custo financeiro elevado;<br \/>\n&#8211; Produtos\/ servi\u00e7os n\u00e3o s\u00e3o lucrativos.<\/p>\n<p><b>RESULTADOS QUANTITATIVOS:<\/b><br \/>\n&#8211; Redu\u00e7\u00e3o do ciclo financeiro da empresa;<br \/>\n&#8211; Redu\u00e7\u00e3o de custos e despesas;<br \/>\n&#8211; Aumento da gera\u00e7\u00e3o de caixa.<\/p>\n<p><b>RESULTADOS QUALITATIVOS:<\/b><br \/>\n&#8211; Elabora\u00e7\u00e3o de um plano estrat\u00e9gico de turnaround para a empresa;<br \/>\n&#8211; Alinhamento estrat\u00e9gico com os gestores da empresa;<br \/>\n&#8211; Revis\u00e3o do modelo tribut\u00e1rio do neg\u00f3cio;<br \/>\n&#8211; Implanta\u00e7\u00e3o de controles financeiros efetivos;<br \/>\n&#8211; Revis\u00e3o dos pre\u00e7os de venda;<br \/>\n&#8211; Capacita\u00e7\u00e3o dos gestores da empresa.[\/vc_column_text][\/vc_tta_section][vc_tta_section title=&#8221;Reestrutura\u00e7\u00e3o Organizacional&#8221; tab_id=&#8221;1453278718305-b6d352bb-e0a6&#8243;][vc_column_text css=&#8221;.vc_custom_1611166803613{margin-bottom: 0px !important;}&#8221;]<b>O QUE \u00c9?<\/b><br \/>\n\u00c9 um processo estruturado para:<br \/>\n&#8211; Reprojetar os processos do neg\u00f3cio;<br \/>\n&#8211; Reprojetar a estrutura organizacional.<br \/>\nContempla a an\u00e1lise das principais dimens\u00f5es organizacionais: estrutura, tecnologia, pessoas e processo, a partir de sua ader\u00eancia ao neg\u00f3cio e \u00e0s estrat\u00e9gias da empresa.<\/p>\n<p><b>PARA QUE SERVE?<\/b><br \/>\nServe para melhorar o desempenho das organiza\u00e7\u00f5es.<\/p>\n<p><b>RESULTADOS QUANTITATIVOS:<\/b><br \/>\n&#8211; Otimiza\u00e7\u00e3o do quadro e do custo de pessoal;<br \/>\n&#8211; Redu\u00e7\u00e3o de custos e despesas;<br \/>\n&#8211; Melhoria do desempenho dos itens de controle de cada processo.<\/p>\n<p><b>RESULTADOS QUALITATIVOS:<\/b><br \/>\n&#8211; Ado\u00e7\u00e3o de processos de neg\u00f3cio mais l\u00f3gicos e com utiliza\u00e7\u00e3o de recursos tecnol\u00f3gicos modernos;<br \/>\n&#8211; Melhor entendimento do funcionamento dos processos de neg\u00f3cio pelos colaboradores da empresa;<br \/>\n&#8211; Alinhamento da estrutura organizacional \u00e0 estrat\u00e9gia da empresa;<br \/>\n&#8211; Redu\u00e7\u00e3o de pontos de conflito e sobreposi\u00e7\u00e3o entre as unidades organizacionais da empresa;<br \/>\n&#8211; Alinhamento dos recursos humanos com os objetivos da empresa.[\/vc_column_text][\/vc_tta_section][\/vc_tta_accordion][\/vc_column][\/vc_row]<\/p>\n","protected":false},"excerpt":{"rendered":"<p>[vc_row][vc_column width=&#8221;1\/2&#8243;][vc_custom_heading text=&#8221;REESTRUTURA\u00c7\u00c3O&#8221; use_theme_fonts=&#8221;yes&#8221; el_class=&#8221;title&#8221;][vc_column_text] Reestrutura\u00e7\u00e3o Financeira; Reestrutura\u00e7\u00e3o Organizacional. [\/vc_column_text][\/vc_column][vc_column width=&#8221;1\/2&#8243;][vc_single_image image=&#8221;2404&#8243; img_size=&#8221;590&#215;394&#8243;][\/vc_column][\/vc_row][vc_row][vc_column][vc_tta_accordion style=&#8221;anps-style-1&#8243; shape=&#8221;square&#8221; active_section=&#8221;1&#8243;][vc_tta_section title=&#8221;Reestrutura\u00e7\u00e3o Financeira&#8221; tab_id=&#8221;1453278520348-82ca7492-26b7&#8243;][vc_column_text css=&#8221;.vc_custom_1611166859375{margin-bottom: 0px !important;}&#8221;]O QUE \u00c9? \u00c9 um processo estruturado para tratar as causas, com a\u00e7\u00f5es diretamente ligadas \u00e0 crise de caixa &hellip;<\/p>\n","protected":false},"author":1,"featured_media":0,"parent":2365,"menu_order":5,"comment_status":"closed","ping_status":"closed","template":"","meta":[],"_links":{"self":[{"href":"https:\/\/waaconsultoria.com.br\/home\/wp-json\/wp\/v2\/pages\/1522"}],"collection":[{"href":"https:\/\/waaconsultoria.com.br\/home\/wp-json\/wp\/v2\/pages"}],"about":[{"href":"https:\/\/waaconsultoria.com.br\/home\/wp-json\/wp\/v2\/types\/page"}],"author":[{"embeddable":true,"href":"https:\/\/waaconsultoria.com.br\/home\/wp-json\/wp\/v2\/users\/1"}],"replies":[{"embeddable":true,"href":"https:\/\/waaconsultoria.com.br\/home\/wp-json\/wp\/v2\/comments?post=1522"}],"version-history":[{"count":6,"href":"https:\/\/waaconsultoria.com.br\/home\/wp-json\/wp\/v2\/pages\/1522\/revisions"}],"predecessor-version":[{"id":2635,"href":"https:\/\/waaconsultoria.com.br\/home\/wp-json\/wp\/v2\/pages\/1522\/revisions\/2635"}],"up":[{"embeddable":true,"href":"https:\/\/waaconsultoria.com.br\/home\/wp-json\/wp\/v2\/pages\/2365"}],"wp:attachment":[{"href":"https:\/\/waaconsultoria.com.br\/home\/wp-json\/wp\/v2\/media?parent=1522"}],"curies":[{"name":"wp","href":"https:\/\/api.w.org\/{rel}","templated":true}]}}