{"id":2365,"date":"2017-07-02T14:55:36","date_gmt":"2017-07-02T17:55:36","guid":{"rendered":"http:\/\/waaconsultoria.com.br\/home\/?page_id=2365"},"modified":"2021-03-19T16:09:19","modified_gmt":"2021-03-19T19:09:19","slug":"solucoes","status":"publish","type":"page","link":"https:\/\/waaconsultoria.com.br\/home\/solucoes\/","title":{"rendered":"Solu\u00e7\u00f5es"},"content":{"rendered":"<p>[vc_row css=&#8221;.vc_custom_1460122496361{margin-bottom: 30px !important;}&#8221;][vc_column width=&#8221;1\/3&#8243;]<div class='featured featured-has-link featured-has-icon featured-has-content'><div class='featured-header'><a target='_self' href='avaliacaodeempresa'><img alt='AVALIA\u00c7\u00c3O DA EMPRESA' src='https:\/\/waaconsultoria.com.br\/home\/wp-content\/uploads\/2017\/07\/avaliacao.jpg'\/><\/a><\/div><div class='featured-content'><h3 class='featured-title text-uppercase'><a target='_self' href='avaliacaodeempresa'><i class='fa fa-building-o'><\/i>AVALIA\u00c7\u00c3O DA EMPRESA<\/a><\/h3><p class='featured-desc'><\/p>\n<ol>\n<li>Business Plan;<\/li>\n<li>Valuation;<\/li>\n<li>Diagn\u00f3stico de Desempenho do Neg\u00f3cio.<\/li>\n<\/ol>\n<p><\/p><a class='btn btn-md btn-minimal' target='_self' href='avaliacaodeempresa'>SAIBA MAIS<\/a><\/div><\/div>[\/vc_column][vc_column width=&#8221;1\/3&#8243;]<div class='featured featured-has-link featured-has-icon featured-has-content'><div class='featured-header'><a target='_self' href='gestao-2'><img alt='GEST\u00c3O' src='https:\/\/waaconsultoria.com.br\/home\/wp-content\/uploads\/2017\/07\/gestao.jpg'\/><\/a><\/div><div class='featured-content'><h3 class='featured-title text-uppercase'><a target='_self' href='gestao-2'><i class='fa fa-bar-chart'><\/i>GEST\u00c3O<\/a><\/h3><p class='featured-desc'><\/p>\n<ol>\n<li>Gest\u00e3o Estrat\u00e9gica;<\/li>\n<li>Gest\u00e3o T\u00e1tica-Operacional \u2013 Desdobramento de Metas;<\/li>\n<li>Gest\u00e3o da Rotina;<\/li>\n<li>Gest\u00e3o por Processos;<\/li>\n<li>Gest\u00e3o de Projetos;<\/li>\n<\/ol>\n<p><\/p><a class='btn btn-md btn-minimal' target='_self' href='gestao-2'>SAIBA MAIS<\/a><\/div><\/div>[\/vc_column][vc_column width=&#8221;1\/3&#8243;]<div class='featured featured-has-link featured-has-icon featured-has-content'><div class='featured-header'><a target='_self' href='pessoas-2'><img alt='PESSOAS' src='https:\/\/waaconsultoria.com.br\/home\/wp-content\/uploads\/2021\/01\/palestras_722x368.jpg'\/><\/a><\/div><div class='featured-content'><h3 class='featured-title text-uppercase'><a target='_self' href='pessoas-2'><i class='fa fa-users'><\/i>PESSOAS<\/a><\/h3><p class='featured-desc'><\/p>\n<ol>\n<li>Palestras e Treinamentos sobre Lideran\u00e7a, Tipos Psicol\u00f3gicos (MBTI), Gest\u00e3o, Vendas, Finan\u00e7as, Processos, PDCA, Normas ISO e 5S;<\/li>\n<li>Programa de Forma\u00e7\u00e3o em Gest\u00e3o de Alta Performance (GAP);<\/li>\n<\/ol>\n<p><\/p><a class='btn btn-md btn-minimal' target='_self' href='pessoas-2'>SAIBA MAIS<\/a><\/div><\/div>[\/vc_column][\/vc_row][vc_row css=&#8221;.vc_custom_1460122496361{margin-bottom: 30px !important;}&#8221;][vc_column width=&#8221;1\/3&#8243;]<div class='featured featured-has-link featured-has-icon featured-has-content'><div class='featured-header'><a target='_self' href='reestruturacao-2'><img alt='Reestrutura\u00e7\u00e3o' src='https:\/\/waaconsultoria.com.br\/home\/wp-content\/uploads\/2017\/07\/reestruturacao.jpg'\/><\/a><\/div><div class='featured-content'><h3 class='featured-title text-uppercase'><a target='_self' href='reestruturacao-2'><i class='fa fa-sitemap'><\/i>Reestrutura\u00e7\u00e3o<\/a><\/h3><p class='featured-desc'><\/p>\n<ol>\n<li>Reestrutura\u00e7\u00e3o Financeira;<\/li>\n<li>Reestrutura\u00e7\u00e3o Organizacional.<\/li>\n<\/ol>\n<p><\/p><a class='btn btn-md btn-minimal' target='_self' href='reestruturacao-2'>SAIBA MAIS<\/a><\/div><\/div>[\/vc_column][vc_column width=&#8221;1\/3&#8243;]<div class='featured featured-has-link featured-has-icon featured-has-content'><div class='featured-header'><a target='_self' href='bpo'><img alt='BPO &amp; Interim Management nas \u00c1reas de:' src='https:\/\/waaconsultoria.com.br\/home\/wp-content\/uploads\/2017\/07\/outsourcing.jpg'\/><\/a><\/div><div class='featured-content'><h3 class='featured-title text-uppercase'><a target='_self' href='bpo'><i class='fa fa-cogs'><\/i>BPO &amp; Interim Management nas \u00c1reas de:<\/a><\/h3><p class='featured-desc'><\/p>\n<ol>\n<li>Finan\u00e7as e Controladoria;<\/li>\n<li>Opera\u00e7\u00f5es\/ Industrial;<\/li>\n<li>Garantia da Qualidade;<\/li>\n<li>Gerenciamento de Projetos (PMO).<\/li>\n<\/ol>\n<p><\/p><a class='btn btn-md btn-minimal' target='_self' href='bpo'>SAIBA MAIS<\/a><\/div><\/div>[\/vc_column][vc_column width=&#8221;1\/3&#8243;]<div class='featured featured-has-link featured-has-icon featured-has-content'><div class='featured-header'><a target='_self' href='iso'><img alt='Normas ISO + SGI + Padroniza\u00e7\u00e3o:' src='https:\/\/waaconsultoria.com.br\/home\/wp-content\/uploads\/2021\/01\/iso_722X368.jpg'\/><\/a><\/div><div class='featured-content'><h3 class='featured-title text-uppercase'><a target='_self' href='iso'><i class='fa fa-check-square-o'><\/i>Normas ISO + SGI + Padroniza\u00e7\u00e3o:<\/a><\/h3><p class='featured-desc'><\/p>\n<ol>\n<li>Prepara\u00e7\u00e3o da empresa para as Certifica\u00e7\u00f5es: Obten\u00e7\u00e3o, Manuten\u00e7\u00e3o e Renova\u00e7\u00e3o.<\/li>\n<\/ol>\n<p><\/p><a class='btn btn-md btn-minimal' target='_self' href='iso'>SAIBA MAIS<\/a><\/div><\/div>[\/vc_column][\/vc_row][vc_row full_width=&#8221;stretch_row&#8221; el_class=&#8221;no-bottom-padding-row&#8221; el_id=&#8221;atuacao&#8221;][vc_column css=&#8221;.vc_custom_1453297044468{padding-top: 0px !important;}&#8221;][vc_empty_space height=&#8221;10px&#8221;][\/vc_column][\/vc_row][vc_row full_width=&#8221;stretch_row&#8221; el_class=&#8221;no-bottom-padding-row&#8221;][vc_column css=&#8221;.vc_custom_1453297044468{padding-top: 0px !important;}&#8221;][vc_empty_space height=&#8221;140px&#8221;][vc_custom_heading text=&#8221;FORMA DE ATUA\u00c7\u00c3O&#8221; font_container=&#8221;tag:h4|text_align:left|color:%23303063&#8243; use_theme_fonts=&#8221;yes&#8221;][vc_empty_space height=&#8221;50px&#8221;][vc_row_inner][vc_column_inner width=&#8221;1\/4&#8243;][vc_single_image image=&#8221;2666&#8243; img_size=&#8221;full&#8221; css=&#8221;.vc_custom_1611240627507{margin-bottom: 0px !important;}&#8221;][vc_empty_space height=&#8221;10px&#8221;][vc_custom_heading text=&#8221;DIAGN\u00d3STICO DETALHADO &#8221; font_container=&#8221;tag:h5|text_align:left&#8221; use_theme_fonts=&#8221;yes&#8221;][vc_empty_space height=&#8221;15px&#8221;][vc_column_text css=&#8221;.vc_custom_1611240971738{margin-bottom: 0px !important;}&#8221;]Diagn\u00f3stico inicial:<br \/>\nidentifica\u00e7\u00e3o do problema e necessidades, com abordagem customizada para cada cliente.[\/vc_column_text][\/vc_column_inner][vc_column_inner width=&#8221;1\/4&#8243;][vc_single_image image=&#8221;2667&#8243; img_size=&#8221;full&#8221; css=&#8221;.vc_custom_1611240649433{margin-bottom: 0px !important;}&#8221;][vc_empty_space height=&#8221;10px&#8221;][vc_custom_heading text=&#8221;METAS E RESULTADOS&#8221; font_container=&#8221;tag:h5|text_align:left&#8221; use_theme_fonts=&#8221;yes&#8221;][vc_empty_space height=&#8221;15px&#8221;][vc_column_text css=&#8221;.vc_custom_1611240958989{margin-bottom: 0px !important;}&#8221;]Projetos focados em metas, combinadas junto com o cliente, para alavancar resultados.[\/vc_column_text][\/vc_column_inner][vc_column_inner width=&#8221;1\/4&#8243;][vc_single_image image=&#8221;2668&#8243; img_size=&#8221;full&#8221; css=&#8221;.vc_custom_1611240682743{margin-bottom: 0px !important;}&#8221;][vc_empty_space height=&#8221;10px&#8221;][vc_custom_heading text=&#8221;GEST\u00c3O E PLANEJAMENTO&#8221; font_container=&#8221;tag:h5|text_align:left&#8221; use_theme_fonts=&#8221;yes&#8221;][vc_empty_space height=&#8221;15px&#8221;][vc_column_text css=&#8221;.vc_custom_1611240936341{margin-bottom: 0px !important;}&#8221;]Utiliza\u00e7\u00e3o do m\u00e9todo PDCA durante todo o ciclo de gest\u00e3o: desde o planejamento at\u00e9 o acompanhamento e a\u00e7\u00e3o corretiva, para garantir o atingimento das metas e a satisfa\u00e7\u00e3o dos clientes.[\/vc_column_text][\/vc_column_inner][vc_column_inner width=&#8221;1\/4&#8243;][vc_single_image image=&#8221;2669&#8243; img_size=&#8221;full&#8221; css=&#8221;.vc_custom_1611240709161{margin-bottom: 0px !important;}&#8221;][vc_empty_space height=&#8221;10px&#8221;][vc_custom_heading text=&#8221;PR\u00c1TICA CONJUNTA&#8221; font_container=&#8221;tag:h5|text_align:left&#8221; use_theme_fonts=&#8221;yes&#8221;][vc_empty_space height=&#8221;15px&#8221;][vc_column_text css=&#8221;.vc_custom_1611240947812{margin-bottom: 0px !important;}&#8221;]Realizado dentro das empresas parceiras, de forma pr\u00e1tica e conjunta, transferindo conhecimento.[\/vc_column_text][\/vc_column_inner][\/vc_row_inner][\/vc_column][\/vc_row][vc_row full_width=&#8221;stretch_row&#8221; el_class=&#8221;no-bottom-padding-row&#8221;][vc_column css=&#8221;.vc_custom_1453297044468{padding-top: 0px !important;}&#8221;][vc_empty_space height=&#8221;100px&#8221;][\/vc_column][\/vc_row]<\/p>\n","protected":false},"excerpt":{"rendered":"<p>[vc_row css=&#8221;.vc_custom_1460122496361{margin-bottom: 30px !important;}&#8221;][vc_column width=&#8221;1\/3&#8243;][\/vc_column][vc_column width=&#8221;1\/3&#8243;][\/vc_column][vc_column width=&#8221;1\/3&#8243;][\/vc_column][\/vc_row][vc_row css=&#8221;.vc_custom_1460122496361{margin-bottom: 30px !important;}&#8221;][vc_column width=&#8221;1\/3&#8243;][\/vc_column][vc_column width=&#8221;1\/3&#8243;][\/vc_column][vc_column width=&#8221;1\/3&#8243;][\/vc_column][\/vc_row][vc_row full_width=&#8221;stretch_row&#8221; el_class=&#8221;no-bottom-padding-row&#8221; el_id=&#8221;atuacao&#8221;][vc_column css=&#8221;.vc_custom_1453297044468{padding-top: 0px !important;}&#8221;][vc_empty_space height=&#8221;10px&#8221;][\/vc_column][\/vc_row][vc_row full_width=&#8221;stretch_row&#8221; el_class=&#8221;no-bottom-padding-row&#8221;][vc_column css=&#8221;.vc_custom_1453297044468{padding-top: 0px !important;}&#8221;][vc_empty_space height=&#8221;140px&#8221;][vc_custom_heading text=&#8221;FORMA DE ATUA\u00c7\u00c3O&#8221; font_container=&#8221;tag:h4|text_align:left|color:%23303063&#8243; use_theme_fonts=&#8221;yes&#8221;][vc_empty_space height=&#8221;50px&#8221;][vc_row_inner][vc_column_inner width=&#8221;1\/4&#8243;][vc_single_image image=&#8221;2666&#8243; img_size=&#8221;full&#8221; css=&#8221;.vc_custom_1611240627507{margin-bottom: 0px !important;}&#8221;][vc_empty_space height=&#8221;10px&#8221;][vc_custom_heading text=&#8221;DIAGN\u00d3STICO &hellip;<\/p>\n","protected":false},"author":1,"featured_media":0,"parent":0,"menu_order":0,"comment_status":"closed","ping_status":"closed","template":"","meta":[],"_links":{"self":[{"href":"https:\/\/waaconsultoria.com.br\/home\/wp-json\/wp\/v2\/pages\/2365"}],"collection":[{"href":"https:\/\/waaconsultoria.com.br\/home\/wp-json\/wp\/v2\/pages"}],"about":[{"href":"https:\/\/waaconsultoria.com.br\/home\/wp-json\/wp\/v2\/types\/page"}],"author":[{"embeddable":true,"href":"https:\/\/waaconsultoria.com.br\/home\/wp-json\/wp\/v2\/users\/1"}],"replies":[{"embeddable":true,"href":"https:\/\/waaconsultoria.com.br\/home\/wp-json\/wp\/v2\/comments?post=2365"}],"version-history":[{"count":38,"href":"https:\/\/waaconsultoria.com.br\/home\/wp-json\/wp\/v2\/pages\/2365\/revisions"}],"predecessor-version":[{"id":2737,"href":"https:\/\/waaconsultoria.com.br\/home\/wp-json\/wp\/v2\/pages\/2365\/revisions\/2737"}],"wp:attachment":[{"href":"https:\/\/waaconsultoria.com.br\/home\/wp-json\/wp\/v2\/media?parent=2365"}],"curies":[{"name":"wp","href":"https:\/\/api.w.org\/{rel}","templated":true}]}}