{"id":2441,"date":"2017-07-24T10:39:19","date_gmt":"2017-07-24T13:39:19","guid":{"rendered":"http:\/\/waaconsultoria.com.br\/home\/?page_id=2441"},"modified":"2021-01-26T12:24:06","modified_gmt":"2021-01-26T15:24:06","slug":"trabalhe-conosco","status":"publish","type":"page","link":"https:\/\/waaconsultoria.com.br\/home\/trabalhe-conosco\/","title":{"rendered":"Trabalhe Conosco"},"content":{"rendered":"<p>[vc_row css=&#8221;.vc_custom_1453297211960{margin-bottom: 40px !important;}&#8221;][vc_column width=&#8221;5\/12&#8243;][vc_custom_heading text=&#8221;S\u00e3o Caetano do Sul&#8221; use_theme_fonts=&#8221;yes&#8221; el_class=&#8221;title&#8221;]<table class='info-table'><\/tbody><tr class='info-table-row'><th class='info-table-icon'><i class='fa fa fa-map-marker'><\/i><\/th><td class='info-table-content'>Alameda Terracota, 215, Bairro Cer\u00e2mica, S\u00e3o Caetano do Sul \u2013 SP, CEP: 09531-190<\/td><\/tr><tr class='info-table-row'><th class='info-table-icon'><i class='fa fa fa-long-arrow-right'><\/i><\/th><td class='info-table-content'>5\u00ba andar, Conjuntos 518\/ 519 \u2013 sala 20 <\/td><\/tr><tr class='info-table-row'><th class='info-table-icon'><i class='fa fa fa-phone'><\/i><\/th><td class='info-table-content'>+55 11 4765-4019<\/td><\/tr><tr class='info-table-row'><th class='info-table-icon'><i class='fa fa fa-envelope'><\/i><\/th><td class='info-table-content'><strong><a href='mailto:contato@waaconsultoria.com.br'>contato@waaconsultoria.com.br<\/a><\/strong><\/td><\/tr><\/table><\/tbody>[vc_custom_heading text=&#8221;S\u00e3o Paulo&#8221; use_theme_fonts=&#8221;yes&#8221; el_class=&#8221;title&#8221;]<table class='info-table'><\/tbody><tr class='info-table-row'><th class='info-table-icon'><i class='fa fa fa-map-marker'><\/i><\/th><td class='info-table-content'> Rua Olimp\u00edadas, 205, Bairro Vila Ol\u00edmpia, S\u00e3o Paulo-SP, CEP: 04551-000<\/td><\/tr><tr class='info-table-row'><th class='info-table-icon'><i class='fa fa fa-long-arrow-right'><\/i><\/th><td class='info-table-content'>4\u00ba andar<\/td><\/tr><tr class='info-table-row'><th class='info-table-icon'><i class='fa fa fa-phone'><\/i><\/th><td class='info-table-content'>+55 11 3728-9418<\/td><\/tr><tr class='info-table-row'><th class='info-table-icon'><i class='fa fa fa-envelope'><\/i><\/th><td class='info-table-content'><strong><a href='mailto:contato@waaconsultoria.com.br'>contato@waaconsultoria.com.br<\/a><\/strong><\/td><\/tr><\/table><\/tbody>[\/vc_column][vc_column width=&#8221;7\/12&#8243;]<div role=\"form\" class=\"wpcf7\" id=\"wpcf7-f2448-o1\" lang=\"pt-BR\" dir=\"ltr\">\n<div class=\"screen-reader-response\"><p role=\"status\" aria-live=\"polite\" aria-atomic=\"true\"><\/p> <ul><\/ul><\/div>\n<form action=\"\/home\/wp-json\/wp\/v2\/pages\/2441#wpcf7-f2448-o1\" method=\"post\" class=\"wpcf7-form init\" enctype=\"multipart\/form-data\" novalidate=\"novalidate\" data-status=\"init\">\n<div style=\"display: none;\">\n<input type=\"hidden\" name=\"_wpcf7\" value=\"2448\" \/>\n<input type=\"hidden\" name=\"_wpcf7_version\" value=\"5.4.1\" \/>\n<input type=\"hidden\" name=\"_wpcf7_locale\" value=\"pt_BR\" \/>\n<input type=\"hidden\" name=\"_wpcf7_unit_tag\" value=\"wpcf7-f2448-o1\" \/>\n<input type=\"hidden\" name=\"_wpcf7_container_post\" value=\"0\" \/>\n<input type=\"hidden\" name=\"_wpcf7_posted_data_hash\" value=\"\" \/>\n<input type=\"hidden\" name=\"_wpcf7_recaptcha_response\" value=\"\" \/>\n<\/div>\n<p><span class=\"wpcf7-form-control-wrap your-name\"><input type=\"text\" name=\"your-name\" value=\"\" size=\"40\" class=\"wpcf7-form-control wpcf7-text wpcf7-validates-as-required\" aria-required=\"true\" aria-invalid=\"false\" placeholder=\"Nome\" \/><\/span><\/p>\n<p><span class=\"wpcf7-form-control-wrap telefone\"><input type=\"tel\" name=\"telefone\" value=\"\" size=\"40\" class=\"wpcf7-form-control wpcf7-text wpcf7-tel wpcf7-validates-as-required wpcf7-validates-as-tel\" aria-required=\"true\" aria-invalid=\"false\" placeholder=\"Telefone\" \/><\/span><\/p>\n<p><span class=\"wpcf7-form-control-wrap your-email\"><input type=\"email\" name=\"your-email\" value=\"\" size=\"40\" class=\"wpcf7-form-control wpcf7-text wpcf7-email wpcf7-validates-as-required wpcf7-validates-as-email\" aria-required=\"true\" aria-invalid=\"false\" placeholder=\"E-mail\" \/><\/span><\/p>\n<p><span class=\"wpcf7-form-control-wrap your-subject\"><input type=\"text\" name=\"your-subject\" value=\"\" size=\"40\" class=\"wpcf7-form-control wpcf7-text\" aria-invalid=\"false\" placeholder=\"Assunto\" \/><\/span><\/p>\n<p>\u00c1reas de Interesse: <span class=\"wpcf7-form-control-wrap areas\"><select name=\"areas\" class=\"wpcf7-form-control wpcf7-select wpcf7-validates-as-required\" aria-required=\"true\" aria-invalid=\"false\"><option value=\"\">---<\/option><option value=\"Avalia\u00e7\u00e3o da Empresa\">Avalia\u00e7\u00e3o da Empresa<\/option><option value=\"Gest\u00e3o\">Gest\u00e3o<\/option><option value=\"Pessoas\">Pessoas<\/option><option value=\"Reestrutura\u00e7\u00e3o\">Reestrutura\u00e7\u00e3o<\/option><option value=\"BPO &amp; Interim Management\">BPO &amp; Interim Management<\/option><option value=\"Normas ISO + SGI + Padroniza\u00e7\u00e3o\">Normas ISO + SGI + Padroniza\u00e7\u00e3o<\/option><\/select><\/span><\/p>\n<p><span class=\"wpcf7-form-control-wrap curriculo\"><input type=\"file\" name=\"curriculo\" size=\"40\" class=\"wpcf7-form-control wpcf7-file wpcf7-validates-as-required\" accept=\".jpg,.jpeg,.png,.gif,.pdf,.doc,.docx,.ppt,.pptx,.odt,.avi,.ogg,.m4a,.mov,.mp3,.mp4,.mpg,.wav,.wmv\" aria-required=\"true\" aria-invalid=\"false\" \/><\/span><\/p>\n<p><span class=\"wpcf7-form-control-wrap your-message\"><textarea name=\"your-message\" cols=\"40\" rows=\"10\" class=\"wpcf7-form-control wpcf7-textarea\" aria-invalid=\"false\" placeholder=\"Mensagem\"><\/textarea><\/span><\/p>\n<p><input type=\"submit\" value=\"ENVIAR\" class=\"wpcf7-form-control wpcf7-submit\" \/><\/p>\n<div class=\"wpcf7-response-output\" aria-hidden=\"true\"><\/div><\/form><\/div>[\/vc_column][\/vc_row][vc_row disable_element=&#8221;yes&#8221; css=&#8221;.vc_custom_1611674639016{margin-bottom: 40px !important;}&#8221;][vc_column][vc_custom_heading text=&#8221;Trabalhe Conosco&#8221; use_theme_fonts=&#8221;yes&#8221; el_class=&#8221;title&#8221;][\/vc_column][\/vc_row]<\/p>\n","protected":false},"excerpt":{"rendered":"<p>[vc_row css=&#8221;.vc_custom_1453297211960{margin-bottom: 40px !important;}&#8221;][vc_column width=&#8221;5\/12&#8243;][vc_custom_heading text=&#8221;S\u00e3o Caetano do Sul&#8221; use_theme_fonts=&#8221;yes&#8221; el_class=&#8221;title&#8221;][vc_custom_heading text=&#8221;S\u00e3o Paulo&#8221; use_theme_fonts=&#8221;yes&#8221; el_class=&#8221;title&#8221;][\/vc_column][vc_column width=&#8221;7\/12&#8243;][\/vc_column][\/vc_row][vc_row disable_element=&#8221;yes&#8221; css=&#8221;.vc_custom_1611674639016{margin-bottom: 40px !important;}&#8221;][vc_column][vc_custom_heading text=&#8221;Trabalhe Conosco&#8221; use_theme_fonts=&#8221;yes&#8221; el_class=&#8221;title&#8221;][\/vc_column][\/vc_row]<\/p>\n","protected":false},"author":1,"featured_media":0,"parent":0,"menu_order":0,"comment_status":"closed","ping_status":"closed","template":"","meta":[],"_links":{"self":[{"href":"https:\/\/waaconsultoria.com.br\/home\/wp-json\/wp\/v2\/pages\/2441"}],"collection":[{"href":"https:\/\/waaconsultoria.com.br\/home\/wp-json\/wp\/v2\/pages"}],"about":[{"href":"https:\/\/waaconsultoria.com.br\/home\/wp-json\/wp\/v2\/types\/page"}],"author":[{"embeddable":true,"href":"https:\/\/waaconsultoria.com.br\/home\/wp-json\/wp\/v2\/users\/1"}],"replies":[{"embeddable":true,"href":"https:\/\/waaconsultoria.com.br\/home\/wp-json\/wp\/v2\/comments?post=2441"}],"version-history":[{"count":9,"href":"https:\/\/waaconsultoria.com.br\/home\/wp-json\/wp\/v2\/pages\/2441\/revisions"}],"predecessor-version":[{"id":2719,"href":"https:\/\/waaconsultoria.com.br\/home\/wp-json\/wp\/v2\/pages\/2441\/revisions\/2719"}],"wp:attachment":[{"href":"https:\/\/waaconsultoria.com.br\/home\/wp-json\/wp\/v2\/media?parent=2441"}],"curies":[{"name":"wp","href":"https:\/\/api.w.org\/{rel}","templated":true}]}}