{"id":2695,"date":"2021-01-25T13:09:48","date_gmt":"2021-01-25T16:09:48","guid":{"rendered":"https:\/\/waaconsultoria.com.br\/home\/?page_id=2695"},"modified":"2021-01-26T13:49:47","modified_gmt":"2021-01-26T16:49:47","slug":"politica-de-privacidade","status":"publish","type":"page","link":"https:\/\/waaconsultoria.com.br\/home\/politica-de-privacidade\/","title":{"rendered":"Pol\u00edtica de privacidade"},"content":{"rendered":"<p>[vc_row][vc_column][vc_custom_heading text=&#8221;1. Introdu\u00e7\u00e3o&#8221; font_container=&#8221;tag:h2|text_align:left|color:%2339386a&#8221; use_theme_fonts=&#8221;yes&#8221;][vc_column_text]N\u00f3s da <strong>WAA Consultoria<\/strong> reconhecemos a import\u00e2ncia da privacidade, da seguran\u00e7a e da prote\u00e7\u00e3o de dados para os nossos clientes e para todos os titulares de dados que possam ter seus dados pessoais (conforme definido abaixo) ou de outra natureza, tratados pelos sistemas da <strong>WAA Consultoria<\/strong>. Solicitaremos informa\u00e7\u00f5es pessoais apenas quando realmente precisarmos delas, para que possamos fornecer a voc\u00ea, um determinado servi\u00e7o.<\/p>\n<p>Isto \u00e9 feito atrav\u00e9s de meios justos e legais, com o seu conhecimento e consentimento. Tamb\u00e9m informamos por que estamos coletando esses dados e como ser\u00e3o utilizados.<\/p>\n<p>Voc\u00ea \u00e9 livre para recusar a nossa solicita\u00e7\u00e3o de informa\u00e7\u00f5es pessoais, entendendo que talvez n\u00e3o possamos fornecer alguns dos servi\u00e7os desejados.<\/p>\n<p>A <strong>WAA Consultoria<\/strong> procura tomar as medidas de seguran\u00e7a da informa\u00e7\u00e3o mais recomendadas e fornecer as prote\u00e7\u00f5es adequadas em todos os seus projetos.[\/vc_column_text][vc_custom_heading text=&#8221;2. Objetivo&#8221; font_container=&#8221;tag:h2|text_align:left|color:%2339386a&#8221; use_theme_fonts=&#8221;yes&#8221;][vc_column_text]Esta Pol\u00edtica de Privacidade informa a voc\u00ea, que visita o site da <strong>WAA Consultoria<\/strong>, ou que fornece dados, independentemente de sua natureza, as pr\u00e1ticas de privacidade da <strong>WAA Consultoria<\/strong> e indica as escolhas que voc\u00ea poder\u00e1 fazer sobre a coleta e utiliza\u00e7\u00e3o dos dados referentes \u00e0 sua pessoa.[\/vc_column_text][vc_custom_heading text=&#8221;3. Abrang\u00eancia&#8221; font_container=&#8221;tag:h2|text_align:left|color:%2339386a&#8221; use_theme_fonts=&#8221;yes&#8221;][vc_column_text]Esta Pol\u00edtica de Privacidade descreve o tratamento, que engloba a coleta ou acesso, a utiliza\u00e7\u00e3o e a guarda, de seus dados pessoais pela <strong>WAA Consultoria<\/strong>.<\/p>\n<p>Ao concordar com esta Pol\u00edtica de Privacidade, voc\u00ea autoriza que a <strong>WAA Consultoria<\/strong> poder\u00e1 tratar seus dados pessoais em conformidade com os termos aqui estabelecidos.<\/p>\n<p>O uso continuado de nosso site ser\u00e1 considerado como aceita\u00e7\u00e3o de nossas pr\u00e1ticas em torno de privacidade e informa\u00e7\u00f5es pessoais. Se voc\u00ea tiver alguma d\u00favida sobre como lidamos com dados do usu\u00e1rio e informa\u00e7\u00f5es pessoais, fale conosco.[\/vc_column_text][vc_custom_heading text=&#8221;4. Defini\u00e7\u00f5es&#8221; font_container=&#8221;tag:h2|text_align:left|color:%2339386a&#8221; use_theme_fonts=&#8221;yes&#8221;][vc_column_text]Para os fins desta Pol\u00edtica de Privacidade, os dados pessoais significam quaisquer dados que se refiram a uma pessoa natural identificada ou identific\u00e1vel. Eles ter\u00e3o natureza de dado pessoal, sempre que houver a possibilidade da pessoa ser identificada, direta ou indiretamente, por refer\u00eancia a um identificador \u00fanico, como por exemplo, o seu nome, um n\u00famero de identifica\u00e7\u00e3o, dados de localiza\u00e7\u00e3o, ou demais fatores espec\u00edficos de sua identidade. Em rela\u00e7\u00e3o \u00e0 <strong>WAA Consultoria<\/strong>, dados pessoais do parceiro n\u00e3o s\u00e3o, a princ\u00edpio, considerados como tal.<\/p>\n<p>Cookies s\u00e3o arquivos de texto contendo pequenas quantidades de dados, que s\u00e3o transferidos para o navegador que voc\u00ea usa no seu dispositivo, quando voc\u00ea visita um site. A entidade que coloca os cookies em seu navegador poder\u00e1 ler as informa\u00e7\u00f5es contidas no cookie, de acordo com as defini\u00e7\u00f5es a ele atribu\u00eddas. Os cookies s\u00e3o normalmente classificados como \u201ccookies de sess\u00e3o\u201d, que n\u00e3o permanecem no seu dispositivo depois que voc\u00ea fechar o navegador, ou \u201ccookies persistentes\u201d, que normalmente permanecer\u00e3o no seu dispositivo at\u00e9 que voc\u00ea os exclua ou, que eles expirem.[\/vc_column_text][vc_custom_heading text=&#8221;5. Processo de Coleta de Dados&#8221; font_container=&#8221;tag:h2|text_align:left|color:%2339386a&#8221; use_theme_fonts=&#8221;yes&#8221;][vc_column_text]A <strong>WAA Consultoria<\/strong> coleta seus dados pessoais quando voc\u00ea acessa nosso site. Ao entrar em contato com a <strong>WAA Consultoria<\/strong>, voc\u00ea deve nos fornecer o seu nome e informa\u00e7\u00f5es de contato, como endere\u00e7o de e-mail e n\u00famero de telefone.<\/p>\n<p>Quando voc\u00ea visita nosso site, n\u00f3s colocamos informa\u00e7\u00f5es em seu dispositivo na forma de um cookie, que \u00e9 reconhecido automaticamente na pr\u00f3xima vez que voc\u00ea nos visitar. Os cookies nos permitem, por exemplo, adaptar nosso site para atender aos seus interesses. Se voc\u00ea n\u00e3o desejar que a <strong>WAA Consultoria<\/strong> reconhe\u00e7a seu dispositivo novamente mais tarde, defina seu navegador da web para excluir cookies do seu dispositivo, bloquear todos os cookies ou avisar voc\u00ea antes que um cookie seja salvo. Note que \u00e9 poss\u00edvel que uma vez que voc\u00ea solicite essa exclus\u00e3o, que voc\u00ea deixe de aproveitar todas as fun\u00e7\u00f5es do site da <strong>WAA Consultoria<\/strong>.<\/p>\n<p>A <strong>WAA Consultoria<\/strong> utiliza cookies funcionais, que preservam a funcionalidade dos elementos de navega\u00e7\u00e3o e cookies de idioma ou configura\u00e7\u00e3o regional.<\/p>\n<p>Nosso conte\u00fado n\u00e3o \u00e9 direcionado a crian\u00e7as e adolescentes. Por isso, n\u00e3o fazemos avalia\u00e7\u00e3o et\u00e1ria ou coleta propositada de seus dados pessoais.[\/vc_column_text][vc_custom_heading text=&#8221;6. Processo de Utiliza\u00e7\u00e3o dos Dados Pessoais&#8221; font_container=&#8221;tag:h2|text_align:left|color:%2339386a&#8221; use_theme_fonts=&#8221;yes&#8221;][vc_column_text]A <strong>WAA Consultoria<\/strong> utiliza os seus dados pessoais para contato, para responder suas mensagens.<\/p>\n<p>Utilizaremos seu endere\u00e7o de e-mail e n\u00famero de telefone, somente para os prop\u00f3sitos para os quais voc\u00ea autorizou o uso, como por exemplo, responder as mensagens enviadas por voc\u00ea, atrav\u00e9s do website da <strong>WAA Consultoria<\/strong>.[\/vc_column_text][vc_custom_heading text=&#8221;7. Processo de Compartilhamento e Transfer\u00eancia de Dados Pessoais &#8221; font_container=&#8221;tag:h2|text_align:left|color:%2339386a&#8221; use_theme_fonts=&#8221;yes&#8221;][vc_column_text]N\u00f3s n\u00e3o compartilhamos dados pessoais com terceiros, a menos que voc\u00ea tenha previamente concordado com isso ou que haja permiss\u00e3o ou obriga\u00e7\u00e3o baseada em lei, regulamento ou ordem judicial.<\/p>\n<p>A <strong>WAA Consultoria<\/strong> conta com prestadores de servi\u00e7os para gerenciar e dar suporte, a determinados aspectos de nossas opera\u00e7\u00f5es. Nossos prestadores de servi\u00e7os s\u00e3o obrigados contratualmente a resguardar adequadamente quaisquer dados pessoais que recebam atrav\u00e9s da <strong>WAA Consultoria<\/strong> e s\u00e3o proibidos de us\u00e1-los para qualquer outra finalidade, que n\u00e3o seja a execu\u00e7\u00e3o dos servi\u00e7os sob sua responsabilidade, conforme instru\u00e7\u00f5es dadas pela <strong>WAA Consultoria<\/strong>.[\/vc_column_text][vc_custom_heading text=&#8221;8. Processo de Armazenamento dos Dados Pessoais&#8221; font_container=&#8221;tag:h2|text_align:left|color:%2339386a&#8221; use_theme_fonts=&#8221;yes&#8221;][vc_column_text]Apenas retemos os dados pessoais coletados pelo tempo necess\u00e1rio para fornecer o servi\u00e7o solicitado, ou por um per\u00edodo especificamente exigido ou permitido pela legisla\u00e7\u00e3o ou pela regulamenta\u00e7\u00e3o aplic\u00e1veis.[\/vc_column_text][vc_custom_heading text=&#8221;9. Cuidados Necess\u00e1rios&#8221; font_container=&#8221;tag:h2|text_align:left|color:%2339386a&#8221; use_theme_fonts=&#8221;yes&#8221;][vc_column_text]O nosso website poder\u00e1 ter links para sites externos, que n\u00e3o s\u00e3o operados por n\u00f3s. Esteja ciente de que n\u00e3o temos controle sobre o conte\u00fado e pr\u00e1ticas desses sites e n\u00e3o poderemos aceitar responsabilidade por suas respectivas pol\u00edticas de privacidade.[\/vc_column_text][vc_custom_heading text=&#8221;10. Vig\u00eancia&#8221; font_container=&#8221;tag:h2|text_align:left|color:%2339386a&#8221; use_theme_fonts=&#8221;yes&#8221;][vc_column_text]Esta pol\u00edtica est\u00e1 vigente a partir de setembro de 2020.[\/vc_column_text][\/vc_column][\/vc_row]<\/p>\n","protected":false},"excerpt":{"rendered":"<p>[vc_row][vc_column][vc_custom_heading text=&#8221;1. Introdu\u00e7\u00e3o&#8221; font_container=&#8221;tag:h2|text_align:left|color:%2339386a&#8221; use_theme_fonts=&#8221;yes&#8221;][vc_column_text]N\u00f3s da WAA Consultoria reconhecemos a import\u00e2ncia da privacidade, da seguran\u00e7a e da prote\u00e7\u00e3o de dados para os nossos clientes e para todos os titulares de dados que possam ter seus dados pessoais (conforme definido abaixo) &hellip;<\/p>\n","protected":false},"author":1,"featured_media":0,"parent":0,"menu_order":0,"comment_status":"closed","ping_status":"closed","template":"","meta":[],"_links":{"self":[{"href":"https:\/\/waaconsultoria.com.br\/home\/wp-json\/wp\/v2\/pages\/2695"}],"collection":[{"href":"https:\/\/waaconsultoria.com.br\/home\/wp-json\/wp\/v2\/pages"}],"about":[{"href":"https:\/\/waaconsultoria.com.br\/home\/wp-json\/wp\/v2\/types\/page"}],"author":[{"embeddable":true,"href":"https:\/\/waaconsultoria.com.br\/home\/wp-json\/wp\/v2\/users\/1"}],"replies":[{"embeddable":true,"href":"https:\/\/waaconsultoria.com.br\/home\/wp-json\/wp\/v2\/comments?post=2695"}],"version-history":[{"count":11,"href":"https:\/\/waaconsultoria.com.br\/home\/wp-json\/wp\/v2\/pages\/2695\/revisions"}],"predecessor-version":[{"id":2730,"href":"https:\/\/waaconsultoria.com.br\/home\/wp-json\/wp\/v2\/pages\/2695\/revisions\/2730"}],"wp:attachment":[{"href":"https:\/\/waaconsultoria.com.br\/home\/wp-json\/wp\/v2\/media?parent=2695"}],"curies":[{"name":"wp","href":"https:\/\/api.w.org\/{rel}","templated":true}]}}